{"id":1092,"date":"2020-06-12T22:33:27","date_gmt":"2020-06-13T04:33:27","guid":{"rendered":"https:\/\/gold-im.com\/?page_id=1092"},"modified":"2026-03-14T15:15:51","modified_gmt":"2026-03-14T21:15:51","slug":"disclosures","status":"publish","type":"page","link":"https:\/\/gold-im.com\/fr\/disclosures\/","title":{"rendered":"Divulgation r\u00e9glementaire"},"content":{"rendered":"<div  class=\"tatsu-gfx6soj1ln5vgurl tatsu-section    tatsu-clearfix\" data-title=\"\"  data-headerscheme=\"background--dark\"><div class='tatsu-section-pad clearfix' data-padding='{\"d\":\"90px 0px 90px 0px\"}' data-padding-top='90px'><div class=\"tatsu-row-wrap  tatsu-wrap tatsu-row-one-col tatsu-row-has-one-cols tatsu-medium-gutter tatsu-reg-cols  tatsu-clearfix tatsu-gfx6soj1nz853jf\" ><div  class=\"tatsu-row\" ><div  class=\"tatsu-column  tatsu-column-no-bg tatsu-one-col tatsu-column-image-none tatsu-column-effect-none  tatsu-gfx6soj1px4wat0s\"  data-parallax-speed=\"0\" style=\"\"><div class=\"tatsu-column-inner\" ><div class=\"tatsu-column-pad-wrap\"><div class=\"tatsu-column-pad\" ><div id = \"\" class=\"tatsu-code tatsu-module tatsu-rJtAwPK68\"  ><p style=\"color:#999794;line-height:35px;letter-spacing:2px;text-transform:uppercase;font-size:18px;font-weight:bold\">DIVULGATIONS R\u00c9GLEMENTAIRE<\/p><\/div><div  class=\"tatsu-empty-space  tatsu-ryf-uwtpU\" ><style>.tatsu-ryf-uwtpU.tatsu-empty-space{height: 30px;}<\/style><\/div><div  class=\"tatsu-module tatsu-text-block-wrap tatsu-gfx6soj1ra3mm1d5  tatsu-hide-desktop tatsu-hide-laptop tatsu-hide-tablet tatsu-hide-mobile\"><div class=\"tatsu-text-inner tatsu-align-center  clearfix\" ><style>.tatsu-gfx6soj1ra3mm1d5.tatsu-text-block-wrap .tatsu-text-inner{width: 100%;text-align: left;}<\/style><p><\/p>\n<p><\/p>\n<p><strong>Autorit\u00e9s Provinciales de R\u00e9glementation des Valeurs Mobili\u00e8res:<\/strong><\/p>\n<p><a href=\"https:\/\/gold-im.com\/wp-content\/uploads\/2019\/12\/GIM-NI_24-101_FR.pdf\" target=\"_blank\" rel=\"noopener noreferrer\">NI 24-101 \u2013 D\u00e9claration relative \u00e0 l'appariement<\/a><\/p>\n<p><\/p>\n<p><\/p>\n<p><\/p>\n<p><\/p>\n<p><strong>Commission des Valeurs Mobili\u00e8res des \u00c9tats-Unis:<\/strong><\/p>\n<p><a href=\"https:\/\/gold-im.com\/wp-content\/uploads\/2020\/06\/Form-CRS-GIM-06.30.20.pdf\" target=\"_blank\" rel=\"noopener noreferrer\">Form CRS &#8211; GIM 06.30.20<\/a><\/p>\n<p><\/p>\n<\/div><\/div><div  class=\"tatsu-module tatsu-text-block-wrap tatsu-A9XpvsIiz\"><div class=\"tatsu-text-inner tatsu-align-center  clearfix\" ><style>.tatsu-A9XpvsIiz.tatsu-text-block-wrap .tatsu-text-inner{width: 100%;text-align: left;}<\/style><p>Les liens ci-dessous fournit aux clients r\u00e9sidant aux \u00c9tats-Unis notre dernier formulaire CRS Customer Relationship Summary et Avis de confidentialit\u00e9. Les clients r\u00e9sidant au Canada ont re\u00e7u s\u00e9par\u00e9ment une copie de notre document d'information sur les relations, dont une copie est \u00e9galement disponible \u00e0 tout moment sur demande.<\/p>\n<p><strong>Commission des Valeurs Mobili\u00e8res des \u00c9tats-Unis:<\/strong><\/p>\n<p><a class=\"link\" style=\"color: #999794;\" href=\"https:\/\/gold-im.com\/wp-content\/uploads\/2026\/03\/Form-CRS-GIM-03.13.26.pdf\" target=\"_blank\" rel=\"noopener noreferrer\">Form CRS GIM Mar 13 2026<\/a><br \/><a class=\"link\" style=\"color: #999794;\" href=\"https:\/\/gold-im.com\/wp-content\/uploads\/2021\/02\/GIM-Privacy-Notice-Feb-2021.pdf\" target=\"_blank\" rel=\"noopener noreferrer\">GIM Privacy Notice Feb 2021<\/a><\/p><\/div><\/div><\/div><\/div><div class = \"tatsu-column-bg-image-wrap\"><div class = \"tatsu-column-bg-image\" ><\/div><\/div><\/div><style>.tatsu-row > .tatsu-gfx6soj1px4wat0s.tatsu-column{width: 100%;}.tatsu-gfx6soj1px4wat0s.tatsu-column > .tatsu-column-inner > .tatsu-column-overlay{mix-blend-mode: none;}.tatsu-gfx6soj1px4wat0s > .tatsu-column-inner > .tatsu-top-divider{z-index: 9999;}.tatsu-gfx6soj1px4wat0s > .tatsu-column-inner > .tatsu-bottom-divider{z-index: 9999;}.tatsu-gfx6soj1px4wat0s > .tatsu-column-inner > .tatsu-left-divider{z-index: 9999;}.tatsu-gfx6soj1px4wat0s > .tatsu-column-inner > .tatsu-right-divider{z-index: 9999;}<\/style><\/div><\/div><\/div><\/div><div class=\"tatsu-section-background-wrap\"><div class = \"tatsu-section-background\" ><\/div><\/div><style>.tatsu-gfx6soj1ln5vgurl .tatsu-section-pad{padding: 90px 0px 90px 0px;}.tatsu-gfx6soj1ln5vgurl > .tatsu-bottom-divider{z-index: 9999;}.tatsu-gfx6soj1ln5vgurl > .tatsu-top-divider{z-index: 9999;}<\/style><\/div>","protected":false},"excerpt":{"rendered":"<p><a href=\"https:\/\/gold-im.com\/fr\/disclosures\/\" class=\"more-link style1-button\">Read More<\/a><\/p>","protected":false},"author":4,"featured_media":0,"parent":0,"menu_order":0,"comment_status":"closed","ping_status":"open","template":"","meta":{"footnotes":""},"class_list":["post-1092","page","type-page","status-publish","hentry"],"_links":{"self":[{"href":"https:\/\/gold-im.com\/fr\/wp-json\/wp\/v2\/pages\/1092","targetHints":{"allow":["GET"]}}],"collection":[{"href":"https:\/\/gold-im.com\/fr\/wp-json\/wp\/v2\/pages"}],"about":[{"href":"https:\/\/gold-im.com\/fr\/wp-json\/wp\/v2\/types\/page"}],"author":[{"embeddable":true,"href":"https:\/\/gold-im.com\/fr\/wp-json\/wp\/v2\/users\/4"}],"replies":[{"embeddable":true,"href":"https:\/\/gold-im.com\/fr\/wp-json\/wp\/v2\/comments?post=1092"}],"version-history":[{"count":11,"href":"https:\/\/gold-im.com\/fr\/wp-json\/wp\/v2\/pages\/1092\/revisions"}],"predecessor-version":[{"id":3354,"href":"https:\/\/gold-im.com\/fr\/wp-json\/wp\/v2\/pages\/1092\/revisions\/3354"}],"wp:attachment":[{"href":"https:\/\/gold-im.com\/fr\/wp-json\/wp\/v2\/media?parent=1092"}],"curies":[{"name":"wp","href":"https:\/\/api.w.org\/{rel}","templated":true}]}}