{"id":1681,"date":"2020-12-10T20:58:45","date_gmt":"2020-12-11T03:58:45","guid":{"rendered":"https:\/\/gold-im.com\/?page_id=1681"},"modified":"2021-11-13T20:59:17","modified_gmt":"2021-11-14T03:59:17","slug":"disclaimer","status":"publish","type":"page","link":"https:\/\/gold-im.com\/fr\/disclaimer\/","title":{"rendered":"Disclaimer"},"content":{"rendered":"<div  class=\"tatsu-Ng0iexy17n tatsu-section  tatsu-bg-overlay   tatsu-clearfix\" data-title=\"\"  data-headerscheme=\"background--dark\"><div class='tatsu-section-pad clearfix' data-padding='{\"d\":\"90px 0px 90px 0px\"}' data-padding-top='90px'><div class=\"tatsu-row-wrap  tatsu-wrap tatsu-row-one-col tatsu-row-has-one-cols tatsu-medium-gutter tatsu-reg-cols  tatsu-clearfix tatsu-kRgk8cYyJq\" ><div  class=\"tatsu-row\" ><div  class=\"tatsu-column  tatsu-bg-overlay tatsu-one-col tatsu-column-image-none tatsu-column-effect-none  tatsu-LgiRHfriz\"  data-parallax-speed=\"0\" style=\"\"><div class=\"tatsu-column-inner\" ><div class=\"tatsu-column-pad-wrap\"><div class=\"tatsu-column-pad\" ><div  class=\"tatsu-module tatsu-text-block-wrap tatsu-IIGDwWtKu\"><div class=\"tatsu-text-inner tatsu-align-center  clearfix\" ><style>.tatsu-IIGDwWtKu.tatsu-text-block-wrap .tatsu-text-inner{width: 100%;text-align: left;}<\/style>\n<p><strong><u>AVERTISSEMENT<\/u><\/strong><\/p>\n<p>Gestion D'Investissements GIM (\u00ab GIM \u00bb) est inscrite \u00e0 titre de gestionnaire de portefeuille en Alberta, en Colombie-Britannique, en Saskatchewan, au Manitoba, en Ontario, au Qu\u00e9bec et en Nouvelle-\u00c9cosse, et \u00e0 titre de conseiller en placement aupr\u00e8s de la Securities and Exchange Commission des \u00c9tats-Unis. Ce document vous est fourni \u00e0 titre informatif seulement. Il est entendu que les renseignements qu'il contient ne doivent pas \u00eatre interpr\u00e9t\u00e9s comme une recommandation de portefeuilles mod\u00e8les ou de mesures d'investissement sp\u00e9cifiques. Toute information de tiers contenue dans ce document a \u00e9t\u00e9 compil\u00e9e \u00e0 partir de sources jug\u00e9es fiables. Toutefois, GIM ne fait aucune d\u00e9claration ni ne donne aucune garantie, expresse ou implicite, quant \u00e0 son exactitude ou son exhaustivit\u00e9. Les cours du march\u00e9 et les estimations figurant dans ce rapport sont fournis \u00e0 titre informatif seulement. Les opinions exprim\u00e9es dans ce document sont valables \u00e0 la date du rapport et GIM n'assume aucune responsabilit\u00e9 quant \u00e0 la n\u00e9cessit\u00e9 d'informer le lecteur de tout changement d'opinion ult\u00e9rieur. Les indications de rendement pass\u00e9 contenues dans ce document ne pr\u00e9jugent pas des r\u00e9sultats futurs et toute information concernant le rendement des portefeuilles de placement de GIM est pr\u00e9sent\u00e9e avant d\u00e9duction des frais, lesquels varient d'un mandat \u00e0 l'autre. Pour plus d'informations, veuillez visiter notre site Web : <a style=\"font-weight: bold;\" href=\"..\/legal\/\">https:\/\/gold-im.com\/fr\/legal\/<\/a>.<\/p>\n<\/div><\/div><\/div><\/div><div class = \"tatsu-column-bg-image-wrap\"><div class = \"tatsu-column-bg-image\" ><\/div><\/div><div class=\"tatsu-overlay tatsu-column-overlay tatsu-animate-none\" ><\/div><\/div><style>.tatsu-row > .tatsu-LgiRHfriz.tatsu-column{width: 100%;}.tatsu-LgiRHfriz.tatsu-column > .tatsu-column-inner > .tatsu-column-overlay{mix-blend-mode: normal;}.tatsu-LgiRHfriz > .tatsu-column-inner > .tatsu-top-divider{z-index: 9999;}.tatsu-LgiRHfriz > .tatsu-column-inner > .tatsu-bottom-divider{z-index: 9999;}.tatsu-LgiRHfriz > .tatsu-column-inner > .tatsu-left-divider{z-index: 9999;}.tatsu-LgiRHfriz > .tatsu-column-inner > .tatsu-right-divider{z-index: 9999;}@media only screen and (max-width:1377px) {.tatsu-row > .tatsu-LgiRHfriz.tatsu-column{width: 100%;}}@media only screen and (min-width:768px) and (max-width: 1024px) {.tatsu-row > .tatsu-LgiRHfriz.tatsu-column{width: 100%;}}@media only screen and (max-width: 767px) {.tatsu-row > .tatsu-LgiRHfriz.tatsu-column{width: 100%;}}<\/style><\/div><\/div><\/div><\/div><div class=\"tatsu-section-background-wrap\"><div class = \"tatsu-section-background\" ><\/div><\/div><div class=\"tatsu-overlay tatsu-section-overlay\"><\/div><style>.tatsu-Ng0iexy17n .tatsu-section-pad{padding: 90px 0px 90px 0px;}.tatsu-Ng0iexy17n .tatsu-section-offset-wrap{transform: translateY(-0px);}.tatsu-Ng0iexy17n > .tatsu-bottom-divider{z-index: 9999;}.tatsu-Ng0iexy17n > .tatsu-top-divider{z-index: 9999;}.tatsu-Ng0iexy17n .tatsu-section-overlay{mix-blend-mode: normal;}<\/style><\/div>","protected":false},"excerpt":{"rendered":"<p><a href=\"https:\/\/gold-im.com\/fr\/disclaimer\/\" class=\"more-link style1-button\">Read More<\/a><\/p>","protected":false},"author":4,"featured_media":0,"parent":0,"menu_order":0,"comment_status":"closed","ping_status":"closed","template":"","meta":{"footnotes":""},"class_list":["post-1681","page","type-page","status-publish","hentry"],"_links":{"self":[{"href":"https:\/\/gold-im.com\/fr\/wp-json\/wp\/v2\/pages\/1681","targetHints":{"allow":["GET"]}}],"collection":[{"href":"https:\/\/gold-im.com\/fr\/wp-json\/wp\/v2\/pages"}],"about":[{"href":"https:\/\/gold-im.com\/fr\/wp-json\/wp\/v2\/types\/page"}],"author":[{"embeddable":true,"href":"https:\/\/gold-im.com\/fr\/wp-json\/wp\/v2\/users\/4"}],"replies":[{"embeddable":true,"href":"https:\/\/gold-im.com\/fr\/wp-json\/wp\/v2\/comments?post=1681"}],"version-history":[{"count":5,"href":"https:\/\/gold-im.com\/fr\/wp-json\/wp\/v2\/pages\/1681\/revisions"}],"predecessor-version":[{"id":2058,"href":"https:\/\/gold-im.com\/fr\/wp-json\/wp\/v2\/pages\/1681\/revisions\/2058"}],"wp:attachment":[{"href":"https:\/\/gold-im.com\/fr\/wp-json\/wp\/v2\/media?parent=1681"}],"curies":[{"name":"wp","href":"https:\/\/api.w.org\/{rel}","templated":true}]}}