{"id":1951,"date":"2021-07-15T19:06:20","date_gmt":"2021-07-16T01:06:20","guid":{"rendered":"https:\/\/gold-im.com\/?page_id=1951"},"modified":"2025-02-11T19:30:56","modified_gmt":"2025-02-12T02:30:56","slug":"ashley-chasse","status":"publish","type":"page","link":"https:\/\/gold-im.com\/fr\/ashley-chasse\/","title":{"rendered":"Ashley Chasse"},"content":{"rendered":"<div  class=\"tatsu-BkZJjR-8aH tatsu-section    tatsu-clearfix\" data-title=\"\"  data-headerscheme=\"background--dark\"><div class='tatsu-section-pad clearfix' data-padding='{\"d\":\"90px 0px 90px 0px\"}' data-padding-top='90px'><div class=\"tatsu-row-wrap  tatsu-wrap tatsu-row-one-col tatsu-row-has-one-cols tatsu-medium-gutter tatsu-reg-cols  tatsu-clearfix tatsu-HJlKjQfI6H\" ><div  class=\"tatsu-row\" ><div  class=\"tatsu-column  tatsu-column-no-bg tatsu-column-empty tatsu-one-col tatsu-column-image-none tatsu-column-effect-none  tatsu-SJPINGLpB\"  data-parallax-speed=\"0\" style=\"\"><div class=\"tatsu-column-inner\" ><div class=\"tatsu-column-pad-wrap\"><div class=\"tatsu-column-pad\" ><\/div><\/div><div class = \"tatsu-column-bg-image-wrap\"><div class = \"tatsu-column-bg-image\" ><\/div><\/div><\/div><style>.tatsu-row > .tatsu-SJPINGLpB.tatsu-column{width: 100%;}.tatsu-SJPINGLpB.tatsu-column > .tatsu-column-inner > .tatsu-column-overlay{mix-blend-mode: none;}.tatsu-SJPINGLpB > .tatsu-column-inner > .tatsu-top-divider{z-index: 9999;}.tatsu-SJPINGLpB > .tatsu-column-inner > .tatsu-bottom-divider{z-index: 9999;}.tatsu-SJPINGLpB > .tatsu-column-inner > .tatsu-left-divider{z-index: 9999;}.tatsu-SJPINGLpB > .tatsu-column-inner > .tatsu-right-divider{z-index: 9999;}@media only screen and (max-width:1377px) {.tatsu-row > .tatsu-SJPINGLpB.tatsu-column{width: 100%;}}@media only screen and (min-width:768px) and (max-width: 1024px) {.tatsu-row > .tatsu-SJPINGLpB.tatsu-column{width: 100%;}}@media only screen and (max-width: 767px) {.tatsu-row > .tatsu-SJPINGLpB.tatsu-column{width: 100%;}}<\/style><\/div><\/div><\/div><div class=\"tatsu-row-wrap  tatsu-wrap tatsu-row-has-two-cols tatsu-medium-gutter tatsu-reg-cols  tatsu-clearfix tatsu-BJlJiCWU6B\" ><div  class=\"tatsu-row\" ><div  class=\"tatsu-column  tatsu-column-no-bg tatsu-one-fourth tatsu-column-image-none tatsu-column-effect-none  tatsu-rJlbfMU6S\"  data-parallax-speed=\"0\" style=\"\"><div class=\"tatsu-column-inner\" ><div class=\"tatsu-column-pad-wrap\"><div class=\"tatsu-column-pad\" ><div  class=\"tatsu-single-image tatsu-module tatsu-image-lazyload tatsu-r1Hlnn8Rz95\" ><div class=\"tatsu-single-image-inner\" style=\"width : 1280px;\" ><div class = \"tatsu-single-image-padding-wrap\" style = \"padding-bottom : 125%;\" ><\/div><img class = \"tatsu-gradient-border\" alt = \"\" title = \"\" data-src = \"https:\/\/gold-im.com\/wp-content\/uploads\/2025\/02\/GIM-Ashley-106.jpg\" src =\"data:image\/png;base64,iVBORw0KGgoAAAANSUhEUgAAAAEAAAABCAQAAAC1HAwCAAAAC0lEQVR42mNkYAAAAAYAAjCB0C8AAAAASUVORK5CYII=\"  \/><\/div><style>.tatsu-r1Hlnn8Rz95 .tatsu-single-image-inner{border-style: solid;max-width: 100%;}.tatsu-r1Hlnn8Rz95.tatsu-single-image{transform: translate3d(0px,0px, 0);}<\/style><\/div><div  class=\"tatsu-module tatsu-text-block-wrap tatsu-HJrSjo3TB\"><div class=\"tatsu-text-inner tatsu-align-center  clearfix\" ><style>.tatsu-HJrSjo3TB.tatsu-text-block-wrap .tatsu-text-inner{width: 100%;text-align: left;}<\/style>\n<div class=\"tshowcase-single-telephone\"><a href=\"tel:7804369955\">780.436.9955<\/a><\/div>\n<div class=\"tshowcase-single-email\"><a href=\"mailto:achasse@gold-im.com\">achasse@gold-im.com<\/a><\/div>\n<div class=\"tshowcase-single-website\"><a href=\"https:\/\/media.mobilocard.com\/social_profile\/PRfYzttdszcq3pDltMbroRz89C43\/index.html\" target=\"_blank\" rel=\"noopener noreferrer\">e-Card<\/a><\/div>\n<\/div><\/div><\/div><\/div><div class = \"tatsu-column-bg-image-wrap\"><div class = \"tatsu-column-bg-image\" ><\/div><\/div><\/div><style>.tatsu-row > .tatsu-rJlbfMU6S.tatsu-column{width: 25%;}.tatsu-rJlbfMU6S.tatsu-column > .tatsu-column-inner > .tatsu-column-overlay{mix-blend-mode: none;}.tatsu-rJlbfMU6S > .tatsu-column-inner > .tatsu-top-divider{z-index: 9999;}.tatsu-rJlbfMU6S > .tatsu-column-inner > .tatsu-bottom-divider{z-index: 9999;}.tatsu-rJlbfMU6S > .tatsu-column-inner > .tatsu-left-divider{z-index: 9999;}.tatsu-rJlbfMU6S > .tatsu-column-inner > .tatsu-right-divider{z-index: 9999;}@media only screen and (max-width:1377px) {.tatsu-row > .tatsu-rJlbfMU6S.tatsu-column{width: 25%;}}@media only screen and (min-width:768px) and (max-width: 1024px) {.tatsu-row > .tatsu-rJlbfMU6S.tatsu-column{width: 25%;}}@media only screen and (max-width: 767px) {.tatsu-row > .tatsu-rJlbfMU6S.tatsu-column{width: 100%;}}<\/style><\/div><div  class=\"tatsu-column  tatsu-column-no-bg tatsu-three-fourth tatsu-column-image-none tatsu-column-effect-none  tatsu-Hkle-ffUTS\"  data-parallax-speed=\"0\" style=\"\"><div class=\"tatsu-column-inner\" ><div class=\"tatsu-column-pad-wrap\"><div class=\"tatsu-column-pad\" ><div  class=\"tatsu-module tatsu-text-block-wrap tatsu-BJpb4MUTr\"><div class=\"tatsu-text-inner tatsu-align-center  clearfix\" ><style>.tatsu-BJpb4MUTr.tatsu-text-block-wrap .tatsu-text-inner{width: 100%;text-align: left;}<\/style>\n<h2 class=\"tshowcase-single-title\">Ashley Chasse<\/h2>\n<h5 style=\"line-height: 160%; text-transform: none;\">Associ\u00e9, administration et exp\u00e9rience client<\/h5>\n<\/div><\/div><div  class=\"tatsu-module tatsu-text-block-wrap tatsu-BkUZzG8aS\"><div class=\"tatsu-text-inner tatsu-align-center  clearfix\" ><style>.tatsu-BkUZzG8aS.tatsu-text-block-wrap .tatsu-text-inner{width: 100%;text-align: left;}<\/style>\n<p>Ashley a rejoint l'\u00e9quipe Gestion D'Investissements GIM en 2021 et occupe le poste d' associ\u00e9e, exp\u00e9rience et client. Elle a obtenu les dipl\u00f4mes d'assistante administrative juridique et d'aide-soignante. Avant de se joindre \u00e0 Gestion D'Investissements GIM, elle \u00e9tait adjointe administrative pour un cabinet comptable \u00e0 Cold Lake. Ashley a r\u00e9sid\u00e9 \u00e0 Cold Lake au cours des 18 derni\u00e8res ann\u00e9es et est r\u00e9cemment revenue \u00e0 Edmonton. Lorsqu'elle ne travaille pas, Ashley aime les cours de Spin, essayer de nouveaux restaurants et passer du temps avec ses filles Haylie et Isabella. Apr\u00e8s avoir vu \u00e0 quel point Edmonton a chang\u00e9 au fil des ans, Ashley a h\u00e2te de d\u00e9couvrir tout ce que la ville a \u00e0 offrir.<\/p>\n<\/div><\/div><\/div><\/div><div class = \"tatsu-column-bg-image-wrap\"><div class = \"tatsu-column-bg-image\" ><\/div><\/div><\/div><style>.tatsu-row > .tatsu-Hkle-ffUTS.tatsu-column{width: 75%;}.tatsu-Hkle-ffUTS.tatsu-column > .tatsu-column-inner > .tatsu-column-overlay{mix-blend-mode: none;}.tatsu-Hkle-ffUTS > .tatsu-column-inner > .tatsu-top-divider{z-index: 9999;}.tatsu-Hkle-ffUTS > .tatsu-column-inner > .tatsu-bottom-divider{z-index: 9999;}.tatsu-Hkle-ffUTS > .tatsu-column-inner > .tatsu-left-divider{z-index: 9999;}.tatsu-Hkle-ffUTS > .tatsu-column-inner > .tatsu-right-divider{z-index: 9999;}@media only screen and (max-width:1377px) {.tatsu-row > .tatsu-Hkle-ffUTS.tatsu-column{width: 75%;}}@media only screen and (min-width:768px) and (max-width: 1024px) {.tatsu-row > .tatsu-Hkle-ffUTS.tatsu-column{width: 75%;}}@media only screen and (max-width: 767px) {.tatsu-row > .tatsu-Hkle-ffUTS.tatsu-column{width: 100%;}}<\/style><\/div><\/div><\/div><\/div><div class=\"tatsu-section-background-wrap\"><div class = \"tatsu-section-background\" ><\/div><\/div><style>.tatsu-BkZJjR-8aH .tatsu-section-pad{padding: 90px 0px 90px 0px;}.tatsu-BkZJjR-8aH > .tatsu-bottom-divider{z-index: 9999;}.tatsu-BkZJjR-8aH > .tatsu-top-divider{z-index: 9999;}<\/style><\/div>","protected":false},"excerpt":{"rendered":"<p><a href=\"https:\/\/gold-im.com\/fr\/ashley-chasse\/\" class=\"more-link style1-button\">Read More<\/a><\/p>","protected":false},"author":4,"featured_media":0,"parent":0,"menu_order":0,"comment_status":"closed","ping_status":"closed","template":"","meta":{"footnotes":""},"class_list":["post-1951","page","type-page","status-publish","hentry"],"_links":{"self":[{"href":"https:\/\/gold-im.com\/fr\/wp-json\/wp\/v2\/pages\/1951","targetHints":{"allow":["GET"]}}],"collection":[{"href":"https:\/\/gold-im.com\/fr\/wp-json\/wp\/v2\/pages"}],"about":[{"href":"https:\/\/gold-im.com\/fr\/wp-json\/wp\/v2\/types\/page"}],"author":[{"embeddable":true,"href":"https:\/\/gold-im.com\/fr\/wp-json\/wp\/v2\/users\/4"}],"replies":[{"embeddable":true,"href":"https:\/\/gold-im.com\/fr\/wp-json\/wp\/v2\/comments?post=1951"}],"version-history":[{"count":9,"href":"https:\/\/gold-im.com\/fr\/wp-json\/wp\/v2\/pages\/1951\/revisions"}],"predecessor-version":[{"id":3107,"href":"https:\/\/gold-im.com\/fr\/wp-json\/wp\/v2\/pages\/1951\/revisions\/3107"}],"wp:attachment":[{"href":"https:\/\/gold-im.com\/fr\/wp-json\/wp\/v2\/media?parent=1951"}],"curies":[{"name":"wp","href":"https:\/\/api.w.org\/{rel}","templated":true}]}}