{"id":2895,"date":"2024-06-25T22:51:42","date_gmt":"2024-06-26T04:51:42","guid":{"rendered":"https:\/\/gold-im.com\/?page_id=2895"},"modified":"2025-02-11T19:31:31","modified_gmt":"2025-02-12T02:31:31","slug":"laveena-sharma","status":"publish","type":"page","link":"https:\/\/gold-im.com\/fr\/laveena-sharma\/","title":{"rendered":"Laveena Sharma"},"content":{"rendered":"<div  class=\"tatsu-BkZJjR-8aH tatsu-section    tatsu-clearfix\" data-title=\"\"  data-headerscheme=\"background--dark\"><div class='tatsu-section-pad clearfix' data-padding='{\"d\":\"90px 0px 90px 0px\"}' data-padding-top='90px'><div class=\"tatsu-row-wrap  tatsu-wrap tatsu-row-one-col tatsu-row-has-one-cols tatsu-medium-gutter tatsu-reg-cols  tatsu-clearfix tatsu-HJlKjQfI6H\" ><div  class=\"tatsu-row\" ><div  class=\"tatsu-column  tatsu-column-no-bg tatsu-column-empty tatsu-one-col tatsu-column-image-none tatsu-column-effect-none  tatsu-SJPINGLpB\"  data-parallax-speed=\"0\" style=\"\"><div class=\"tatsu-column-inner\" ><div class=\"tatsu-column-pad-wrap\"><div class=\"tatsu-column-pad\" ><\/div><\/div><div class = \"tatsu-column-bg-image-wrap\"><div class = \"tatsu-column-bg-image\" ><\/div><\/div><\/div><style>.tatsu-row > .tatsu-SJPINGLpB.tatsu-column{width: 100%;}.tatsu-SJPINGLpB.tatsu-column > .tatsu-column-inner > .tatsu-column-overlay{mix-blend-mode: none;}.tatsu-SJPINGLpB > .tatsu-column-inner > .tatsu-top-divider{z-index: 9999;}.tatsu-SJPINGLpB > .tatsu-column-inner > .tatsu-bottom-divider{z-index: 9999;}.tatsu-SJPINGLpB > .tatsu-column-inner > .tatsu-left-divider{z-index: 9999;}.tatsu-SJPINGLpB > .tatsu-column-inner > .tatsu-right-divider{z-index: 9999;}@media only screen and (max-width:1377px) {.tatsu-row > .tatsu-SJPINGLpB.tatsu-column{width: 100%;}}@media only screen and (min-width:768px) and (max-width: 1024px) {.tatsu-row > .tatsu-SJPINGLpB.tatsu-column{width: 100%;}}@media only screen and (max-width: 767px) {.tatsu-row > .tatsu-SJPINGLpB.tatsu-column{width: 100%;}}<\/style><\/div><\/div><\/div><div class=\"tatsu-row-wrap  tatsu-wrap tatsu-row-has-two-cols tatsu-medium-gutter tatsu-reg-cols  tatsu-clearfix tatsu-BJlJiCWU6B\" ><div  class=\"tatsu-row\" ><div  class=\"tatsu-column  tatsu-column-no-bg tatsu-one-fourth tatsu-column-image-none tatsu-column-effect-none  tatsu-rJlbfMU6S\"  data-parallax-speed=\"0\" style=\"\"><div class=\"tatsu-column-inner\" ><div class=\"tatsu-column-pad-wrap\"><div class=\"tatsu-column-pad\" ><div  class=\"tatsu-single-image tatsu-module tatsu-image-lazyload tatsu-external-image tatsu-r1Hlnn8Rz95   tatsu-hide-desktop tatsu-hide-laptop tatsu-hide-tablet tatsu-hide-mobile\" ><div class=\"tatsu-single-image-inner\" style=\"\" ><div class = \"tatsu-single-image-padding-wrap\" style = \"\" ><\/div><img class = \"tatsu-gradient-border\" data-src = \"\" alt =\" \"  src =\"data:image\/png;base64,iVBORw0KGgoAAAANSUhEUgAAAAEAAAABCAQAAAC1HAwCAAAAC0lEQVR42mNkYAAAAAYAAjCB0C8AAAAASUVORK5CYII=\"  \/><\/div><style>.tatsu-r1Hlnn8Rz95 .tatsu-single-image-inner{border-style: solid;max-width: 100%;}.tatsu-r1Hlnn8Rz95.tatsu-single-image{transform: translate3d(0px,0px, 0);}<\/style><\/div><div  class=\"tatsu-single-image tatsu-module tatsu-image-lazyload tatsu-S1F-mDYKkx\" ><div class=\"tatsu-single-image-inner\" style=\"width : 1280px;\" ><div class = \"tatsu-single-image-padding-wrap\" style = \"padding-bottom : 125%;\" ><\/div><img class = \"tatsu-gradient-border\" alt = \"\" title = \"\" data-src = \"https:\/\/gold-im.com\/wp-content\/uploads\/2025\/02\/GIM-Laveena-214.jpg\" src =\"data:image\/png;base64,iVBORw0KGgoAAAANSUhEUgAAAAEAAAABCAQAAAC1HAwCAAAAC0lEQVR42mNkYAAAAAYAAjCB0C8AAAAASUVORK5CYII=\"  \/><\/div><style>.tatsu-S1F-mDYKkx .tatsu-single-image-inner{border-style: solid;max-width: 100%;}.tatsu-S1F-mDYKkx.tatsu-single-image{transform: translate3d(0px,0px, 0);}<\/style><\/div><div  class=\"tatsu-module tatsu-text-block-wrap tatsu-HJrSjo3TB\"><div class=\"tatsu-text-inner tatsu-align-center  clearfix\" ><style>.tatsu-HJrSjo3TB.tatsu-text-block-wrap .tatsu-text-inner{width: 100%;text-align: left;}<\/style>\n<div class=\"tshowcase-single-telephone\"><a href=\"tel:7804369955\">780.436.9955<\/a><\/div>\n<div class=\"tshowcase-single-email\"><a href=\"mailto: lsharma@gold-im.com\"> lsharma@gold-im.com <\/a><\/div>\n<div class=\"tshowcase-single-website\"><a href=\"https:\/\/media.mobilocard.com\/social_profile\/Tt7KZais12R10c2rRkAcaVUZeGz1\/index.html\" target=\"_blank\" rel=\"noopener noreferrer\">e-Card<\/a><\/div>\n<\/div><\/div><\/div><\/div><div class = \"tatsu-column-bg-image-wrap\"><div class = \"tatsu-column-bg-image\" ><\/div><\/div><\/div><style>.tatsu-row > .tatsu-rJlbfMU6S.tatsu-column{width: 25%;}.tatsu-rJlbfMU6S.tatsu-column > .tatsu-column-inner > .tatsu-column-overlay{mix-blend-mode: none;}.tatsu-rJlbfMU6S > .tatsu-column-inner > .tatsu-top-divider{z-index: 9999;}.tatsu-rJlbfMU6S > .tatsu-column-inner > .tatsu-bottom-divider{z-index: 9999;}.tatsu-rJlbfMU6S > .tatsu-column-inner > .tatsu-left-divider{z-index: 9999;}.tatsu-rJlbfMU6S > .tatsu-column-inner > .tatsu-right-divider{z-index: 9999;}@media only screen and (max-width:1377px) {.tatsu-row > .tatsu-rJlbfMU6S.tatsu-column{width: 25%;}}@media only screen and (min-width:768px) and (max-width: 1024px) {.tatsu-row > .tatsu-rJlbfMU6S.tatsu-column{width: 25%;}}@media only screen and (max-width: 767px) {.tatsu-row > .tatsu-rJlbfMU6S.tatsu-column{width: 100%;}}<\/style><\/div><div  class=\"tatsu-column  tatsu-column-no-bg tatsu-three-fourth tatsu-column-image-none tatsu-column-effect-none  tatsu-Hkle-ffUTS\"  data-parallax-speed=\"0\" style=\"\"><div class=\"tatsu-column-inner\" ><div class=\"tatsu-column-pad-wrap\"><div class=\"tatsu-column-pad\" ><div  class=\"tatsu-module tatsu-text-block-wrap tatsu-BJpb4MUTr\"><div class=\"tatsu-text-inner tatsu-align-center  clearfix\" ><style>.tatsu-BJpb4MUTr.tatsu-text-block-wrap .tatsu-text-inner{width: 100%;text-align: left;}<\/style>\n<h2 class=\"tshowcase-single-title\">Laveena Sharma<\/h2>\n<h5 style=\"line-height: 160%; text-transform: none;\">Analyste<br \/>BCom., (finance)<\/h5>\n<\/div><\/div><div  class=\"tatsu-module tatsu-text-block-wrap tatsu-BkUZzG8aS\"><div class=\"tatsu-text-inner tatsu-align-center  clearfix\" ><style>.tatsu-BkUZzG8aS.tatsu-text-block-wrap .tatsu-text-inner{width: 100%;text-align: left;}<\/style>\n<p>Laveena Sharma a rejoint Gestion D'Investissements GIM en juin 2024 en tant qu'associ\u00e9e en exp\u00e9rience client et administration. Elle a \u00e9t\u00e9 promue au poste d\u2019analyste en novembre 2024, t\u00e9moignant de son d\u00e9vouement.<\/p>\n<p>Professionnelle passionn\u00e9e et motiv\u00e9e, Laveena a un fort enthousiasme pour la finance et le leadership. \u00c9lev\u00e9e \u00e0 Sint Maarten, elle a poursuivi un baccalaur\u00e9at en commerce avec sp\u00e9cialisation en finance \u00e0 l'Universit\u00e9 Dalhousie \u00e0 Halifax, en Nouvelle-\u00c9cosse. Elle perfectionne actuellement son expertise en compl\u00e9tant le Cours sur les valeurs mobili\u00e8res au Canada (CSC) et vise \u00e0 obtenir le titre de Gestionnaire de placements agr\u00e9\u00e9 (CIM).<\/p>\n<p>\u00c0 Dalhousie, Laveena a d\u00e9montr\u00e9 ses capacit\u00e9s de leadership en tant que mentor des ann\u00e9es sup\u00e9rieures et copr\u00e9sidente de la Dalhousie Real Estate Association. Ces r\u00f4les lui ont permis de cr\u00e9er des r\u00e9seaux de soutien, d\u2019entretenir des relations significatives et de contribuer de mani\u00e8re significative \u00e0 l\u2019engagement et \u00e0 la r\u00e9ussite des \u00e9tudiants.  Les capacit\u00e9s multilingues de Laveena \u2013 parlant couramment l\u2019anglais, le n\u00e9erlandais et l\u2019hindi \u2013 soulignent sa diversit\u00e9 culturelle et sa perspective mondiale. En dehors du travail, elle aime l\u2019\u00e9quitation, la p\u00e2tisserie et la peinture, et appr\u00e9cie passer du temps de qualit\u00e9 avec sa famille et ses amis.<\/p>\n<\/div><\/div><\/div><\/div><div class = \"tatsu-column-bg-image-wrap\"><div class = \"tatsu-column-bg-image\" ><\/div><\/div><\/div><style>.tatsu-row > .tatsu-Hkle-ffUTS.tatsu-column{width: 75%;}.tatsu-Hkle-ffUTS.tatsu-column > .tatsu-column-inner > .tatsu-column-overlay{mix-blend-mode: none;}.tatsu-Hkle-ffUTS > .tatsu-column-inner > .tatsu-top-divider{z-index: 9999;}.tatsu-Hkle-ffUTS > .tatsu-column-inner > .tatsu-bottom-divider{z-index: 9999;}.tatsu-Hkle-ffUTS > .tatsu-column-inner > .tatsu-left-divider{z-index: 9999;}.tatsu-Hkle-ffUTS > .tatsu-column-inner > .tatsu-right-divider{z-index: 9999;}@media only screen and (max-width:1377px) {.tatsu-row > .tatsu-Hkle-ffUTS.tatsu-column{width: 75%;}}@media only screen and (min-width:768px) and (max-width: 1024px) {.tatsu-row > .tatsu-Hkle-ffUTS.tatsu-column{width: 75%;}}@media only screen and (max-width: 767px) {.tatsu-row > .tatsu-Hkle-ffUTS.tatsu-column{width: 100%;}}<\/style><\/div><\/div><\/div><\/div><div class=\"tatsu-section-background-wrap\"><div class = \"tatsu-section-background\" ><\/div><\/div><style>.tatsu-BkZJjR-8aH .tatsu-section-pad{padding: 90px 0px 90px 0px;}.tatsu-BkZJjR-8aH > .tatsu-bottom-divider{z-index: 9999;}.tatsu-BkZJjR-8aH > .tatsu-top-divider{z-index: 9999;}<\/style><\/div>","protected":false},"excerpt":{"rendered":"<p><a href=\"https:\/\/gold-im.com\/fr\/laveena-sharma\/\" class=\"more-link style1-button\">Read More<\/a><\/p>","protected":false},"author":4,"featured_media":0,"parent":0,"menu_order":0,"comment_status":"closed","ping_status":"closed","template":"","meta":{"footnotes":""},"class_list":["post-2895","page","type-page","status-publish","hentry"],"_links":{"self":[{"href":"https:\/\/gold-im.com\/fr\/wp-json\/wp\/v2\/pages\/2895","targetHints":{"allow":["GET"]}}],"collection":[{"href":"https:\/\/gold-im.com\/fr\/wp-json\/wp\/v2\/pages"}],"about":[{"href":"https:\/\/gold-im.com\/fr\/wp-json\/wp\/v2\/types\/page"}],"author":[{"embeddable":true,"href":"https:\/\/gold-im.com\/fr\/wp-json\/wp\/v2\/users\/4"}],"replies":[{"embeddable":true,"href":"https:\/\/gold-im.com\/fr\/wp-json\/wp\/v2\/comments?post=2895"}],"version-history":[{"count":16,"href":"https:\/\/gold-im.com\/fr\/wp-json\/wp\/v2\/pages\/2895\/revisions"}],"predecessor-version":[{"id":3110,"href":"https:\/\/gold-im.com\/fr\/wp-json\/wp\/v2\/pages\/2895\/revisions\/3110"}],"wp:attachment":[{"href":"https:\/\/gold-im.com\/fr\/wp-json\/wp\/v2\/media?parent=2895"}],"curies":[{"name":"wp","href":"https:\/\/api.w.org\/{rel}","templated":true}]}}