{"id":2913,"date":"2024-07-14T01:08:12","date_gmt":"2024-07-14T07:08:12","guid":{"rendered":"https:\/\/gold-im.com\/?page_id=2913"},"modified":"2025-11-28T14:00:27","modified_gmt":"2025-11-28T21:00:27","slug":"max-stark","status":"publish","type":"page","link":"https:\/\/gold-im.com\/fr\/max-stark\/","title":{"rendered":"Max Stark"},"content":{"rendered":"<div  class=\"tatsu-BkZJjR-8aH tatsu-section    tatsu-clearfix\" data-title=\"\"  data-headerscheme=\"background--dark\"><div class='tatsu-section-pad clearfix' data-padding='{\"d\":\"90px 0px 90px 0px\"}' data-padding-top='90px'><div class=\"tatsu-row-wrap  tatsu-wrap tatsu-row-one-col tatsu-row-has-one-cols tatsu-medium-gutter tatsu-reg-cols  tatsu-clearfix tatsu-HJlKjQfI6H\" ><div  class=\"tatsu-row\" ><div  class=\"tatsu-column  tatsu-column-no-bg tatsu-column-empty tatsu-one-col tatsu-column-image-none tatsu-column-effect-none  tatsu-SJPINGLpB\"  data-parallax-speed=\"0\" style=\"\"><div class=\"tatsu-column-inner\" ><div class=\"tatsu-column-pad-wrap\"><div class=\"tatsu-column-pad\" ><\/div><\/div><div class = \"tatsu-column-bg-image-wrap\"><div class = \"tatsu-column-bg-image\" ><\/div><\/div><\/div><style>.tatsu-row > .tatsu-SJPINGLpB.tatsu-column{width: 100%;}.tatsu-SJPINGLpB.tatsu-column > .tatsu-column-inner > .tatsu-column-overlay{mix-blend-mode: none;}.tatsu-SJPINGLpB > .tatsu-column-inner > .tatsu-top-divider{z-index: 9999;}.tatsu-SJPINGLpB > .tatsu-column-inner > .tatsu-bottom-divider{z-index: 9999;}.tatsu-SJPINGLpB > .tatsu-column-inner > .tatsu-left-divider{z-index: 9999;}.tatsu-SJPINGLpB > .tatsu-column-inner > .tatsu-right-divider{z-index: 9999;}@media only screen and (max-width:1377px) {.tatsu-row > .tatsu-SJPINGLpB.tatsu-column{width: 100%;}}@media only screen and (min-width:768px) and (max-width: 1024px) {.tatsu-row > .tatsu-SJPINGLpB.tatsu-column{width: 100%;}}@media only screen and (max-width: 767px) {.tatsu-row > .tatsu-SJPINGLpB.tatsu-column{width: 100%;}}<\/style><\/div><\/div><\/div><div class=\"tatsu-row-wrap  tatsu-wrap tatsu-row-has-two-cols tatsu-medium-gutter tatsu-reg-cols  tatsu-clearfix tatsu-BJlJiCWU6B\" ><div  class=\"tatsu-row\" ><div  class=\"tatsu-column  tatsu-column-no-bg tatsu-one-fourth tatsu-column-image-none tatsu-column-effect-none  tatsu-rJlbfMU6S\"  data-parallax-speed=\"0\" style=\"\"><div class=\"tatsu-column-inner\" ><div class=\"tatsu-column-pad-wrap\"><div class=\"tatsu-column-pad\" ><div  class=\"tatsu-single-image tatsu-module tatsu-image-lazyload tatsu-external-image tatsu-r1Hlnn8Rz95   tatsu-hide-desktop tatsu-hide-laptop tatsu-hide-tablet tatsu-hide-mobile\" ><div class=\"tatsu-single-image-inner\" style=\"\" ><div class = \"tatsu-single-image-padding-wrap\" style = \"\" ><\/div><img class = \"tatsu-gradient-border\" data-src = \"\" alt =\" \"  src =\"data:image\/png;base64,iVBORw0KGgoAAAANSUhEUgAAAAEAAAABCAQAAAC1HAwCAAAAC0lEQVR42mNkYAAAAAYAAjCB0C8AAAAASUVORK5CYII=\"  \/><\/div><style>.tatsu-r1Hlnn8Rz95 .tatsu-single-image-inner{border-style: solid;max-width: 100%;}.tatsu-r1Hlnn8Rz95.tatsu-single-image{transform: translate3d(0px,0px, 0);}<\/style><\/div><div  class=\"tatsu-single-image tatsu-module tatsu-image-lazyload tatsu-H1fkXPFt1x\" ><div class=\"tatsu-single-image-inner\" style=\"width : 1280px;\" ><div class = \"tatsu-single-image-padding-wrap\" style = \"padding-bottom : 125%;\" ><\/div><img class = \"tatsu-gradient-border\" alt = \"\" title = \"\" data-src = \"https:\/\/gold-im.com\/wp-content\/uploads\/2025\/02\/GIM-Max-156.jpg\" src =\"data:image\/png;base64,iVBORw0KGgoAAAANSUhEUgAAAAEAAAABCAQAAAC1HAwCAAAAC0lEQVR42mNkYAAAAAYAAjCB0C8AAAAASUVORK5CYII=\"  \/><\/div><style>.tatsu-H1fkXPFt1x .tatsu-single-image-inner{border-style: solid;max-width: 100%;}.tatsu-H1fkXPFt1x.tatsu-single-image{transform: translate3d(0px,0px, 0);}<\/style><\/div><div  class=\"tatsu-module tatsu-text-block-wrap tatsu-HJrSjo3TB\"><div class=\"tatsu-text-inner tatsu-align-center  clearfix\" ><style>.tatsu-HJrSjo3TB.tatsu-text-block-wrap .tatsu-text-inner{width: 100%;text-align: left;}<\/style>\n<div class=\"tshowcase-single-telephone\"><a href=\"tel:7804369955\">780.436.9955<\/a><\/div>\n<div class=\"tshowcase-single-email\"><a href=\"mailto: mstark@gold-im.com\"> mstark@gold-im.com <\/a><\/div>\n<div class=\"tshowcase-single-website\"><a href=\"https:\/\/media.mobilocard.com\/social_profile\/iu45UEl54zbpL6G3z9RZ81V48wb2\/index.html\" target=\"_blank\" rel=\"noopener noreferrer\">e-Card<\/a><\/div>\n<\/div><\/div><\/div><\/div><div class = \"tatsu-column-bg-image-wrap\"><div class = \"tatsu-column-bg-image\" ><\/div><\/div><\/div><style>.tatsu-row > .tatsu-rJlbfMU6S.tatsu-column{width: 25%;}.tatsu-rJlbfMU6S.tatsu-column > .tatsu-column-inner > .tatsu-column-overlay{mix-blend-mode: none;}.tatsu-rJlbfMU6S > .tatsu-column-inner > .tatsu-top-divider{z-index: 9999;}.tatsu-rJlbfMU6S > .tatsu-column-inner > .tatsu-bottom-divider{z-index: 9999;}.tatsu-rJlbfMU6S > .tatsu-column-inner > .tatsu-left-divider{z-index: 9999;}.tatsu-rJlbfMU6S > .tatsu-column-inner > .tatsu-right-divider{z-index: 9999;}@media only screen and (max-width:1377px) {.tatsu-row > .tatsu-rJlbfMU6S.tatsu-column{width: 25%;}}@media only screen and (min-width:768px) and (max-width: 1024px) {.tatsu-row > .tatsu-rJlbfMU6S.tatsu-column{width: 25%;}}@media only screen and (max-width: 767px) {.tatsu-row > .tatsu-rJlbfMU6S.tatsu-column{width: 100%;}}<\/style><\/div><div  class=\"tatsu-column  tatsu-column-no-bg tatsu-three-fourth tatsu-column-image-none tatsu-column-effect-none  tatsu-Hkle-ffUTS\"  data-parallax-speed=\"0\" style=\"\"><div class=\"tatsu-column-inner\" ><div class=\"tatsu-column-pad-wrap\"><div class=\"tatsu-column-pad\" ><div  class=\"tatsu-module tatsu-text-block-wrap tatsu-BJpb4MUTr\"><div class=\"tatsu-text-inner tatsu-align-center  clearfix\" ><style>.tatsu-BJpb4MUTr.tatsu-text-block-wrap .tatsu-text-inner{width: 100%;text-align: left;}<\/style>\n<h2 class=\"tshowcase-single-title\">Max Stark<\/h2>\n<h5 style=\"line-height: 160%; text-transform: none;\">Analyste Principal<br \/>CIM<\/h5>\n<\/div><\/div><div  class=\"tatsu-module tatsu-text-block-wrap tatsu-BkUZzG8aS\"><div class=\"tatsu-text-inner tatsu-align-center  clearfix\" ><style>.tatsu-BkUZzG8aS.tatsu-text-block-wrap .tatsu-text-inner{width: 100%;text-align: left;}<\/style>\n<p>Max a rejoint Gestion D'Investissements GIM en 2024 en tant qu'analyste et d\u00e9tient actuellement le titre de Gestionnaire de placements agr\u00e9\u00e9 (CIM). Il poursuit \u00e9galement un baccalaur\u00e9at en administration des affaires avec une sp\u00e9cialisation en finance au Northern Alberta Institute of Technology (NAIT).<\/p>\n<p>N\u00e9 et \u00e9lev\u00e9 \u00e0 Edmonton, Max est profond\u00e9ment attach\u00e9 \u00e0 sa ville natale. En dehors de ses activit\u00e9s professionnelles, il est passionn\u00e9 de v\u00e9lo et de ski de fond. Pendant son temps libre, il aime passer du temps avec sa famille et ses amis.<\/p>\n<p>Max est enthousiaste \u00e0 l'id\u00e9e de mettre sa passion, ses comp\u00e9tences et ses connaissances au service de Gestion D'Investissements GIM et se r\u00e9jouit des opportunit\u00e9s qui s'offrent \u00e0 lui dans cette nouvelle \u00e9tape de sa carri\u00e8re.<\/p>\n<\/div><\/div><\/div><\/div><div class = \"tatsu-column-bg-image-wrap\"><div class = \"tatsu-column-bg-image\" ><\/div><\/div><\/div><style>.tatsu-row > .tatsu-Hkle-ffUTS.tatsu-column{width: 75%;}.tatsu-Hkle-ffUTS.tatsu-column > .tatsu-column-inner > .tatsu-column-overlay{mix-blend-mode: none;}.tatsu-Hkle-ffUTS > .tatsu-column-inner > .tatsu-top-divider{z-index: 9999;}.tatsu-Hkle-ffUTS > .tatsu-column-inner > .tatsu-bottom-divider{z-index: 9999;}.tatsu-Hkle-ffUTS > .tatsu-column-inner > .tatsu-left-divider{z-index: 9999;}.tatsu-Hkle-ffUTS > .tatsu-column-inner > .tatsu-right-divider{z-index: 9999;}@media only screen and (max-width:1377px) {.tatsu-row > .tatsu-Hkle-ffUTS.tatsu-column{width: 75%;}}@media only screen and (min-width:768px) and (max-width: 1024px) {.tatsu-row > .tatsu-Hkle-ffUTS.tatsu-column{width: 75%;}}@media only screen and (max-width: 767px) {.tatsu-row > .tatsu-Hkle-ffUTS.tatsu-column{width: 100%;}}<\/style><\/div><\/div><\/div><\/div><div class=\"tatsu-section-background-wrap\"><div class = \"tatsu-section-background\" ><\/div><\/div><style>.tatsu-BkZJjR-8aH .tatsu-section-pad{padding: 90px 0px 90px 0px;}.tatsu-BkZJjR-8aH > .tatsu-bottom-divider{z-index: 9999;}.tatsu-BkZJjR-8aH > .tatsu-top-divider{z-index: 9999;}<\/style><\/div>","protected":false},"excerpt":{"rendered":"<p><a href=\"https:\/\/gold-im.com\/fr\/max-stark\/\" class=\"more-link style1-button\">Read More<\/a><\/p>","protected":false},"author":4,"featured_media":0,"parent":0,"menu_order":0,"comment_status":"closed","ping_status":"closed","template":"","meta":{"footnotes":""},"class_list":["post-2913","page","type-page","status-publish","hentry"],"_links":{"self":[{"href":"https:\/\/gold-im.com\/fr\/wp-json\/wp\/v2\/pages\/2913","targetHints":{"allow":["GET"]}}],"collection":[{"href":"https:\/\/gold-im.com\/fr\/wp-json\/wp\/v2\/pages"}],"about":[{"href":"https:\/\/gold-im.com\/fr\/wp-json\/wp\/v2\/types\/page"}],"author":[{"embeddable":true,"href":"https:\/\/gold-im.com\/fr\/wp-json\/wp\/v2\/users\/4"}],"replies":[{"embeddable":true,"href":"https:\/\/gold-im.com\/fr\/wp-json\/wp\/v2\/comments?post=2913"}],"version-history":[{"count":13,"href":"https:\/\/gold-im.com\/fr\/wp-json\/wp\/v2\/pages\/2913\/revisions"}],"predecessor-version":[{"id":3290,"href":"https:\/\/gold-im.com\/fr\/wp-json\/wp\/v2\/pages\/2913\/revisions\/3290"}],"wp:attachment":[{"href":"https:\/\/gold-im.com\/fr\/wp-json\/wp\/v2\/media?parent=2913"}],"curies":[{"name":"wp","href":"https:\/\/api.w.org\/{rel}","templated":true}]}}