{"id":603,"date":"2019-11-25T00:21:01","date_gmt":"2019-11-25T07:21:01","guid":{"rendered":"http:\/\/jongold.ca\/?page_id=603"},"modified":"2025-12-21T09:34:19","modified_gmt":"2025-12-21T16:34:19","slug":"jonathon-gold","status":"publish","type":"page","link":"https:\/\/gold-im.com\/fr\/jonathon-gold\/","title":{"rendered":"Jonathon Gold"},"content":{"rendered":"<div  class=\"tatsu-BkZJjR-8aH tatsu-section    tatsu-clearfix\" data-title=\"\"  data-headerscheme=\"background--dark\"><div class='tatsu-section-pad clearfix' data-padding='{\"d\":\"90px 0px 90px 0px\"}' data-padding-top='90px'><div class=\"tatsu-row-wrap  tatsu-wrap tatsu-row-one-col tatsu-row-has-one-cols tatsu-medium-gutter tatsu-reg-cols  tatsu-clearfix tatsu-HJlKjQfI6H\" ><div  class=\"tatsu-row\" ><div  class=\"tatsu-column  tatsu-column-no-bg tatsu-column-empty tatsu-one-col tatsu-column-image-none tatsu-column-effect-none  tatsu-SJPINGLpB\"  data-parallax-speed=\"0\" style=\"\"><div class=\"tatsu-column-inner\" ><div class=\"tatsu-column-pad-wrap\"><div class=\"tatsu-column-pad\" ><\/div><\/div><div class = \"tatsu-column-bg-image-wrap\"><div class = \"tatsu-column-bg-image\" ><\/div><\/div><\/div><style>.tatsu-row > .tatsu-SJPINGLpB.tatsu-column{width: 100%;}.tatsu-SJPINGLpB.tatsu-column > .tatsu-column-inner > .tatsu-column-overlay{mix-blend-mode: none;}.tatsu-SJPINGLpB > .tatsu-column-inner > .tatsu-top-divider{z-index: 9999;}.tatsu-SJPINGLpB > .tatsu-column-inner > .tatsu-bottom-divider{z-index: 9999;}.tatsu-SJPINGLpB > .tatsu-column-inner > .tatsu-left-divider{z-index: 9999;}.tatsu-SJPINGLpB > .tatsu-column-inner > .tatsu-right-divider{z-index: 9999;}@media only screen and (max-width:1377px) {.tatsu-row > .tatsu-SJPINGLpB.tatsu-column{width: 100%;}}@media only screen and (min-width:768px) and (max-width: 1024px) {.tatsu-row > .tatsu-SJPINGLpB.tatsu-column{width: 100%;}}@media only screen and (max-width: 767px) {.tatsu-row > .tatsu-SJPINGLpB.tatsu-column{width: 100%;}}<\/style><\/div><\/div><\/div><div class=\"tatsu-row-wrap  tatsu-wrap tatsu-row-has-two-cols tatsu-medium-gutter tatsu-reg-cols  tatsu-clearfix tatsu-BJlJiCWU6B\" ><div  class=\"tatsu-row\" ><div  class=\"tatsu-column  tatsu-column-no-bg tatsu-one-fourth tatsu-column-image-none tatsu-column-effect-none  tatsu-rJlbfMU6S\"  data-parallax-speed=\"0\" style=\"\"><div class=\"tatsu-column-inner\" ><div class=\"tatsu-column-pad-wrap\"><div class=\"tatsu-column-pad\" ><div  class=\"tatsu-single-image tatsu-module align-center tatsu-image-lazyload tatsu-Sya9rzLar\" ><div class=\"tatsu-single-image-inner\" style=\"width : 1280px;\" ><div class = \"tatsu-single-image-padding-wrap\" style = \"padding-bottom : 125%;\" ><\/div><img class = \"tatsu-gradient-border\" alt = \"\" title = \"\" data-src = \"https:\/\/gold-im.com\/wp-content\/uploads\/2022\/06\/FINALS_28-JG.jpg\" src =\"data:image\/png;base64,iVBORw0KGgoAAAANSUhEUgAAAAEAAAABCAQAAAC1HAwCAAAAC0lEQVR42mNkYAAAAAYAAjCB0C8AAAAASUVORK5CYII=\"  \/><\/div><style>.tatsu-Sya9rzLar .tatsu-single-image-inner{border-style: solid;max-width: 100%;}.tatsu-Sya9rzLar.tatsu-single-image{transform: translate3d(0px,0px, 0);}<\/style><\/div><div  class=\"tatsu-module tatsu-text-block-wrap tatsu-r1xzjs3pH\"><div class=\"tatsu-text-inner tatsu-align-center  clearfix\" ><style>.tatsu-r1xzjs3pH.tatsu-text-block-wrap .tatsu-text-inner{width: 100%;text-align: left;}<\/style>\n<div class=\"tshowcase-single-telephone\"><a href=\"tel:7804369955\">780.436.9955<\/a><\/div>\n<div class=\"tshowcase-single-email\"><a href=\"mailto:jgold@gold-im.com\">jgold@gold-im.com<\/a><\/div>\n<div class=\"tshowcase-single-website\"><a href=\"https:\/\/media.mobilocard.com\/social_profile\/qzE7jpPedIYARBUifNgZXVd3JhF2\/index.html\" target=\"_blank\" rel=\"noopener noreferrer\">e-Card<\/a><\/div>\n<\/div><\/div><\/div><\/div><div class = \"tatsu-column-bg-image-wrap\"><div class = \"tatsu-column-bg-image\" ><\/div><\/div><\/div><style>.tatsu-row > .tatsu-rJlbfMU6S.tatsu-column{width: 25%;}.tatsu-rJlbfMU6S.tatsu-column > .tatsu-column-inner > .tatsu-column-overlay{mix-blend-mode: none;}.tatsu-rJlbfMU6S > .tatsu-column-inner > .tatsu-top-divider{z-index: 9999;}.tatsu-rJlbfMU6S > .tatsu-column-inner > .tatsu-bottom-divider{z-index: 9999;}.tatsu-rJlbfMU6S > .tatsu-column-inner > .tatsu-left-divider{z-index: 9999;}.tatsu-rJlbfMU6S > .tatsu-column-inner > .tatsu-right-divider{z-index: 9999;}@media only screen and (max-width:1377px) {.tatsu-row > .tatsu-rJlbfMU6S.tatsu-column{width: 25%;}}@media only screen and (min-width:768px) and (max-width: 1024px) {.tatsu-row > .tatsu-rJlbfMU6S.tatsu-column{width: 25%;}}@media only screen and (max-width: 767px) {.tatsu-row > .tatsu-rJlbfMU6S.tatsu-column{width: 100%;}}<\/style><\/div><div  class=\"tatsu-column  tatsu-column-no-bg tatsu-three-fourth tatsu-column-image-none tatsu-column-effect-none  tatsu-Hkle-ffUTS\"  data-parallax-speed=\"0\" style=\"\"><div class=\"tatsu-column-inner\" ><div class=\"tatsu-column-pad-wrap\"><div class=\"tatsu-column-pad\" ><div  class=\"tatsu-module tatsu-text-block-wrap tatsu-BJpb4MUTr\"><div class=\"tatsu-text-inner tatsu-align-center  clearfix\" ><style>.tatsu-BJpb4MUTr.tatsu-text-block-wrap .tatsu-text-inner{width: 100%;text-align: left;}<\/style>\n<h2 class=\"tshowcase-single-title\">Jonathon A. L. Gold<\/h2>\n<h5 style=\"line-height: 160%; text-transform: none;\">Pr\u00e9sident \/ Gestionnaire de portefeuille<br \/>BCom., CIM, FCSI, DMS, CFA<\/h5>\n<\/div><\/div><div  class=\"tatsu-module tatsu-text-block-wrap tatsu-BkUZzG8aS\"><div class=\"tatsu-text-inner tatsu-align-center  clearfix\" ><style>.tatsu-BkUZzG8aS.tatsu-text-block-wrap .tatsu-text-inner{width: 100%;text-align: left;}<\/style>\n<p>Jonathon est activement engag\u00e9 dans l'industrie des services financiers depuis 1987, commen\u00e7ant sa carri\u00e8re comme caissier \u00e0 la Banque Royale du Canada. En 1993, il a commenc\u00e9 \u00e0 n\u00e9gocier des actions et des options pour TD Waterhouse, devenant par la suite chef de la responsabilit\u00e9 civile pour le service de n\u00e9gociation d'actions institutionnelles du courtier en valeurs mobili\u00e8res bas\u00e9 \u00e0 Toronto, CT Securities. Sa vaste exp\u00e9rience comprend l'analyse et la recherche de titres, relevant de plusieurs grandes caisses de retraite canadiennes. En 2000, il a \u00e9t\u00e9 pr\u00e9sident et chef de la direction financi\u00e8re de TradeFreedom Securities, un courtier en placement ind\u00e9pendant offrant des services de n\u00e9gociation \u00e9lectronique. De 2002 \u00e0 2007, Jonathon a \u00e9t\u00e9 pr\u00e9sident, cofondateur et directeur du gestionnaire de placements bas\u00e9 \u00e0 Edmonton, Global Wealth Builders Ltd.<\/p>\n<p style=\"font-weight: 400;\">En 2007, Jonathon a fond\u00e9 Gestion D'Investissements GIM, un gestionnaire de portefeuille enregistr\u00e9, offrant des portefeuilles mod\u00e8les de fonds n\u00e9goci\u00e9s en bourse (FNB), des actions, des titres \u00e0 revenu fixe et des services de gestion d'actifs alternatifs aux particuliers, aux soci\u00e9t\u00e9s, aux fonds de pension, aux fondations de bienfaisance et aux fiducies.<\/p>\n<p style=\"font-weight: 400;\">Jonathon a obtenu son baccalaur\u00e9at en commerce, majeure en finance, de l'Universit\u00e9 Concordia \u00e0 Montr\u00e9al. Il d\u00e9tient les titres d'analyste financier agr\u00e9\u00e9, de gestionnaire de placements agr\u00e9\u00e9, de Fellow de l'Institut canadien des valeurs mobili\u00e8res et de sp\u00e9cialiste des march\u00e9s de produits d\u00e9riv\u00e9s; ses membres incluent le CFA Institute, CFA Edmonton et l'Institut des fonds d'investissement du Canada. N\u00e9 et \u00e9lev\u00e9 \u00e0 Montr\u00e9al, Jonathon r\u00e9side actuellement \u00e0 Edmonton avec son \u00e9pouse Christine.<\/p>\n<p><strong>LinkedIn:<\/strong>\u00a0<a href=\"https:\/\/www.linkedin.com\/in\/jonathon-gold\/\" target=\"_blank\" rel=\"noopener noreferrer\">https:\/\/www.linkedin.com\/jonathon-gold<\/a><\/p>\n<p><strong>Partie pr\u00e9f\u00e9r\u00e9e du travail:<\/strong> \u00abJe peux r\u00e9fl\u00e9chir et parler des valeurs mobili\u00e8res toute la journ\u00e9e. Ce n'est pas du travail! \u201d<\/p>\n<p><strong>Quand je ne travaille pas:<\/strong> \u00ab J'aime faire de la randonn\u00e9e et courir (plut\u00f4t marcher p\u00e9niblement ces derniers temps). Je passe mon temps \u00e0 jouer avec Bart et Larry David, nos chats roux et blancs. \u00bb<\/p>\n<\/div><\/div><\/div><\/div><div class = \"tatsu-column-bg-image-wrap\"><div class = \"tatsu-column-bg-image\" ><\/div><\/div><\/div><style>.tatsu-row > .tatsu-Hkle-ffUTS.tatsu-column{width: 75%;}.tatsu-Hkle-ffUTS.tatsu-column > .tatsu-column-inner > .tatsu-column-overlay{mix-blend-mode: none;}.tatsu-Hkle-ffUTS > .tatsu-column-inner > .tatsu-top-divider{z-index: 9999;}.tatsu-Hkle-ffUTS > .tatsu-column-inner > .tatsu-bottom-divider{z-index: 9999;}.tatsu-Hkle-ffUTS > .tatsu-column-inner > .tatsu-left-divider{z-index: 9999;}.tatsu-Hkle-ffUTS > .tatsu-column-inner > .tatsu-right-divider{z-index: 9999;}@media only screen and (max-width:1377px) {.tatsu-row > .tatsu-Hkle-ffUTS.tatsu-column{width: 75%;}}@media only screen and (min-width:768px) and (max-width: 1024px) {.tatsu-row > .tatsu-Hkle-ffUTS.tatsu-column{width: 75%;}}@media only screen and (max-width: 767px) {.tatsu-row > .tatsu-Hkle-ffUTS.tatsu-column{width: 100%;}}<\/style><\/div><\/div><\/div><\/div><div class=\"tatsu-section-background-wrap\"><div class = \"tatsu-section-background\" ><\/div><\/div><style>.tatsu-BkZJjR-8aH .tatsu-section-pad{padding: 90px 0px 90px 0px;}.tatsu-BkZJjR-8aH > .tatsu-bottom-divider{z-index: 9999;}.tatsu-BkZJjR-8aH > .tatsu-top-divider{z-index: 9999;}<\/style><\/div>","protected":false},"excerpt":{"rendered":"<p><a href=\"https:\/\/gold-im.com\/fr\/jonathon-gold\/\" class=\"more-link style1-button\">Read More<\/a><\/p>","protected":false},"author":1,"featured_media":0,"parent":0,"menu_order":0,"comment_status":"closed","ping_status":"closed","template":"","meta":{"footnotes":""},"class_list":["post-603","page","type-page","status-publish","hentry"],"_links":{"self":[{"href":"https:\/\/gold-im.com\/fr\/wp-json\/wp\/v2\/pages\/603","targetHints":{"allow":["GET"]}}],"collection":[{"href":"https:\/\/gold-im.com\/fr\/wp-json\/wp\/v2\/pages"}],"about":[{"href":"https:\/\/gold-im.com\/fr\/wp-json\/wp\/v2\/types\/page"}],"author":[{"embeddable":true,"href":"https:\/\/gold-im.com\/fr\/wp-json\/wp\/v2\/users\/1"}],"replies":[{"embeddable":true,"href":"https:\/\/gold-im.com\/fr\/wp-json\/wp\/v2\/comments?post=603"}],"version-history":[{"count":12,"href":"https:\/\/gold-im.com\/fr\/wp-json\/wp\/v2\/pages\/603\/revisions"}],"predecessor-version":[{"id":3294,"href":"https:\/\/gold-im.com\/fr\/wp-json\/wp\/v2\/pages\/603\/revisions\/3294"}],"wp:attachment":[{"href":"https:\/\/gold-im.com\/fr\/wp-json\/wp\/v2\/media?parent=603"}],"curies":[{"name":"wp","href":"https:\/\/api.w.org\/{rel}","templated":true}]}}