{"id":679,"date":"2019-12-04T23:08:02","date_gmt":"2019-12-05T06:08:02","guid":{"rendered":"http:\/\/jongold.ca\/?page_id=679"},"modified":"2025-11-28T13:55:41","modified_gmt":"2025-11-28T20:55:41","slug":"marisa-welstead","status":"publish","type":"page","link":"https:\/\/gold-im.com\/fr\/marisa-welstead\/","title":{"rendered":"Marisa Welstead"},"content":{"rendered":"<div  class=\"tatsu-BkZJjR-8aH tatsu-section    tatsu-clearfix\" data-title=\"\"  data-headerscheme=\"background--dark\"><div class='tatsu-section-pad clearfix' data-padding='{\"d\":\"90px 0px 90px 0px\"}' data-padding-top='90px'><div class=\"tatsu-row-wrap  tatsu-wrap tatsu-row-one-col tatsu-row-has-one-cols tatsu-medium-gutter tatsu-reg-cols  tatsu-clearfix tatsu-HJlKjQfI6H\" ><div  class=\"tatsu-row\" ><div  class=\"tatsu-column  tatsu-column-no-bg tatsu-column-empty tatsu-one-col tatsu-column-image-none tatsu-column-effect-none  tatsu-SJPINGLpB\"  data-parallax-speed=\"0\" style=\"\"><div class=\"tatsu-column-inner\" ><div class=\"tatsu-column-pad-wrap\"><div class=\"tatsu-column-pad\" ><\/div><\/div><div class = \"tatsu-column-bg-image-wrap\"><div class = \"tatsu-column-bg-image\" ><\/div><\/div><\/div><style>.tatsu-row > .tatsu-SJPINGLpB.tatsu-column{width: 100%;}.tatsu-SJPINGLpB.tatsu-column > .tatsu-column-inner > .tatsu-column-overlay{mix-blend-mode: none;}.tatsu-SJPINGLpB > .tatsu-column-inner > .tatsu-top-divider{z-index: 9999;}.tatsu-SJPINGLpB > .tatsu-column-inner > .tatsu-bottom-divider{z-index: 9999;}.tatsu-SJPINGLpB > .tatsu-column-inner > .tatsu-left-divider{z-index: 9999;}.tatsu-SJPINGLpB > .tatsu-column-inner > .tatsu-right-divider{z-index: 9999;}@media only screen and (max-width:1377px) {.tatsu-row > .tatsu-SJPINGLpB.tatsu-column{width: 100%;}}@media only screen and (min-width:768px) and (max-width: 1024px) {.tatsu-row > .tatsu-SJPINGLpB.tatsu-column{width: 100%;}}@media only screen and (max-width: 767px) {.tatsu-row > .tatsu-SJPINGLpB.tatsu-column{width: 100%;}}<\/style><\/div><\/div><\/div><div class=\"tatsu-row-wrap  tatsu-wrap tatsu-row-has-two-cols tatsu-medium-gutter tatsu-reg-cols  tatsu-clearfix tatsu-BJlJiCWU6B\" ><div  class=\"tatsu-row\" ><div  class=\"tatsu-column  tatsu-column-no-bg tatsu-one-fourth tatsu-column-image-none tatsu-column-effect-none  tatsu-rJlbfMU6S\"  data-parallax-speed=\"0\" style=\"\"><div class=\"tatsu-column-inner\" ><div class=\"tatsu-column-pad-wrap\"><div class=\"tatsu-column-pad\" ><div  class=\"tatsu-single-image tatsu-module align-center tatsu-image-lazyload tatsu-Sya9rzLar\" ><div class=\"tatsu-single-image-inner\" style=\"width : 1280px;\" ><div class = \"tatsu-single-image-padding-wrap\" style = \"padding-bottom : 125%;\" ><\/div><img class = \"tatsu-gradient-border\" alt = \"\" title = \"\" data-src = \"https:\/\/gold-im.com\/wp-content\/uploads\/2022\/06\/FINALS_16-MP.jpg\" src =\"data:image\/png;base64,iVBORw0KGgoAAAANSUhEUgAAAAEAAAABCAQAAAC1HAwCAAAAC0lEQVR42mNkYAAAAAYAAjCB0C8AAAAASUVORK5CYII=\"  \/><\/div><style>.tatsu-Sya9rzLar .tatsu-single-image-inner{border-style: solid;max-width: 100%;}.tatsu-Sya9rzLar.tatsu-single-image{transform: translate3d(0px,0px, 0);}<\/style><\/div><div  class=\"tatsu-module tatsu-text-block-wrap tatsu-HJrSjo3TB\"><div class=\"tatsu-text-inner tatsu-align-center  clearfix\" ><style>.tatsu-HJrSjo3TB.tatsu-text-block-wrap .tatsu-text-inner{width: 100%;text-align: left;}<\/style>\n<div class=\"tshowcase-single-telephone\"><a href=\"tel:7804369955\">780.436.9955<\/a><\/div>\n<div class=\"tshowcase-single-email\"><a href=\"mailto:mwelstead@gold-im.com\">mwelstead@gold-im.com<\/a><\/div>\n<div class=\"tshowcase-single-website\"><a href=\"https:\/\/media.mobilocard.com\/social_profile\/wuHtvEjkAGMnbdCEy5vyZWnbAyp2\/index.html\" target=\"_blank\" rel=\"noopener noreferrer\">e-Card<\/a><\/div>\n<\/div><\/div><\/div><\/div><div class = \"tatsu-column-bg-image-wrap\"><div class = \"tatsu-column-bg-image\" ><\/div><\/div><\/div><style>.tatsu-row > .tatsu-rJlbfMU6S.tatsu-column{width: 25%;}.tatsu-rJlbfMU6S.tatsu-column > .tatsu-column-inner > .tatsu-column-overlay{mix-blend-mode: none;}.tatsu-rJlbfMU6S > .tatsu-column-inner > .tatsu-top-divider{z-index: 9999;}.tatsu-rJlbfMU6S > .tatsu-column-inner > .tatsu-bottom-divider{z-index: 9999;}.tatsu-rJlbfMU6S > .tatsu-column-inner > .tatsu-left-divider{z-index: 9999;}.tatsu-rJlbfMU6S > .tatsu-column-inner > .tatsu-right-divider{z-index: 9999;}@media only screen and (max-width:1377px) {.tatsu-row > .tatsu-rJlbfMU6S.tatsu-column{width: 25%;}}@media only screen and (min-width:768px) and (max-width: 1024px) {.tatsu-row > .tatsu-rJlbfMU6S.tatsu-column{width: 25%;}}@media only screen and (max-width: 767px) {.tatsu-row > .tatsu-rJlbfMU6S.tatsu-column{width: 100%;}}<\/style><\/div><div  class=\"tatsu-column  tatsu-column-no-bg tatsu-three-fourth tatsu-column-image-none tatsu-column-effect-none  tatsu-Hkle-ffUTS\"  data-parallax-speed=\"0\" style=\"\"><div class=\"tatsu-column-inner\" ><div class=\"tatsu-column-pad-wrap\"><div class=\"tatsu-column-pad\" ><div  class=\"tatsu-module tatsu-text-block-wrap tatsu-BJpb4MUTr\"><div class=\"tatsu-text-inner tatsu-align-center  clearfix\" ><style>.tatsu-BJpb4MUTr.tatsu-text-block-wrap .tatsu-text-inner{width: 100%;text-align: left;}<\/style>\n<h2 class=\"tshowcase-single-title\">Marisa Welstead<\/h2>\n<h5 style=\"line-height: 160%; text-transform: none;\">Vice-pr\u00e9sident, op\u00e9rations \/ Gestionnaire de portefeuille<br \/>CIM<\/h5>\n<\/div><\/div><div  class=\"tatsu-module tatsu-text-block-wrap tatsu-BkUZzG8aS\"><div class=\"tatsu-text-inner tatsu-align-center  clearfix\" ><style>.tatsu-BkUZzG8aS.tatsu-text-block-wrap .tatsu-text-inner{width: 100%;text-align: left;}<\/style>\n<p>Marisa a rejoint Gestion D'Investissements GIM en 2015 et occupe actuellement le\nposte vice-pr\u00e9sident, op\u00e9rations et gestionnaire de portefeuille d\u00e9tenant le titre de\ngestionnaire de placements agr\u00e9\u00e9 (CIM). Elle travaille avec une client\u00e8le diversifi\u00e9e comprenant des particuliers, des soci\u00e9t\u00e9s, des fondations caritatives et des fiducies et se passionne pour la recherche de solutions qui permettent \u00e0 ses clients d'atteindre leurs objectifs financiers uniques. Dans son r\u00f4le, Marisa effectue une grande vari\u00e9t\u00e9 de t\u00e2ches, notamment l'analyse de la s\u00e9curit\u00e9, les recommandations de portefeuille et l'ex\u00e9cution des transactions.<\/p>\n<p>Marisa a termin\u00e9 le cours sur les valeurs mobili\u00e8res canadiennes et le cours sur les fonds d'investissement. Au d\u00e9but de ses \u00e9tudes, elle a obtenu un dipl\u00f4me en gestion des ressources humaines avec distinction de l'Universit\u00e9 Grant MacEwan.<\/p>\n<p>Marisa a pr\u00e9c\u00e9demment travaill\u00e9 avec Junior Achievement, une organisation \u00e0 but non lucratif qui vise \u00e0 \u00e9duquer les jeunes sur la litt\u00e9ratie financi\u00e8re, l'entrepreneuriat et la pr\u00e9paration au travail. Elle continue de faire du b\u00e9n\u00e9volat aupr\u00e8s de l'organisation dans le cadre de ses efforts pour redonner \u00e0 la communaut\u00e9.<\/p>\n<p>Marisa r\u00e9side actuellement \u00e0 Edmonton avec son conjoint, James. En dehors du travail, elle aime passer du temps avec sa famille et ses amis, voyager vers de nouvelles destinations et \u00e9tudier l'art et la litt\u00e9rature.<\/p>\n<\/div><\/div><\/div><\/div><div class = \"tatsu-column-bg-image-wrap\"><div class = \"tatsu-column-bg-image\" ><\/div><\/div><\/div><style>.tatsu-row > .tatsu-Hkle-ffUTS.tatsu-column{width: 75%;}.tatsu-Hkle-ffUTS.tatsu-column > .tatsu-column-inner > .tatsu-column-overlay{mix-blend-mode: none;}.tatsu-Hkle-ffUTS > .tatsu-column-inner > .tatsu-top-divider{z-index: 9999;}.tatsu-Hkle-ffUTS > .tatsu-column-inner > .tatsu-bottom-divider{z-index: 9999;}.tatsu-Hkle-ffUTS > .tatsu-column-inner > .tatsu-left-divider{z-index: 9999;}.tatsu-Hkle-ffUTS > .tatsu-column-inner > .tatsu-right-divider{z-index: 9999;}@media only screen and (max-width:1377px) {.tatsu-row > .tatsu-Hkle-ffUTS.tatsu-column{width: 75%;}}@media only screen and (min-width:768px) and (max-width: 1024px) {.tatsu-row > .tatsu-Hkle-ffUTS.tatsu-column{width: 75%;}}@media only screen and (max-width: 767px) {.tatsu-row > .tatsu-Hkle-ffUTS.tatsu-column{width: 100%;}}<\/style><\/div><\/div><\/div><\/div><div class=\"tatsu-section-background-wrap\"><div class = \"tatsu-section-background\" ><\/div><\/div><style>.tatsu-BkZJjR-8aH .tatsu-section-pad{padding: 90px 0px 90px 0px;}.tatsu-BkZJjR-8aH > .tatsu-bottom-divider{z-index: 9999;}.tatsu-BkZJjR-8aH > .tatsu-top-divider{z-index: 9999;}<\/style><\/div>","protected":false},"excerpt":{"rendered":"<p><a href=\"https:\/\/gold-im.com\/fr\/marisa-welstead\/\" class=\"more-link style1-button\">Read More<\/a><\/p>","protected":false},"author":1,"featured_media":0,"parent":0,"menu_order":0,"comment_status":"closed","ping_status":"closed","template":"","meta":{"footnotes":""},"class_list":["post-679","page","type-page","status-publish","hentry"],"_links":{"self":[{"href":"https:\/\/gold-im.com\/fr\/wp-json\/wp\/v2\/pages\/679","targetHints":{"allow":["GET"]}}],"collection":[{"href":"https:\/\/gold-im.com\/fr\/wp-json\/wp\/v2\/pages"}],"about":[{"href":"https:\/\/gold-im.com\/fr\/wp-json\/wp\/v2\/types\/page"}],"author":[{"embeddable":true,"href":"https:\/\/gold-im.com\/fr\/wp-json\/wp\/v2\/users\/1"}],"replies":[{"embeddable":true,"href":"https:\/\/gold-im.com\/fr\/wp-json\/wp\/v2\/comments?post=679"}],"version-history":[{"count":12,"href":"https:\/\/gold-im.com\/fr\/wp-json\/wp\/v2\/pages\/679\/revisions"}],"predecessor-version":[{"id":3285,"href":"https:\/\/gold-im.com\/fr\/wp-json\/wp\/v2\/pages\/679\/revisions\/3285"}],"wp:attachment":[{"href":"https:\/\/gold-im.com\/fr\/wp-json\/wp\/v2\/media?parent=679"}],"curies":[{"name":"wp","href":"https:\/\/api.w.org\/{rel}","templated":true}]}}